{"id":3523,"date":"2023-02-16T14:18:34","date_gmt":"2023-02-16T13:18:34","guid":{"rendered":"https:\/\/dpms-media.fr\/maison-d-amis\/?page_id=3523"},"modified":"2023-02-16T14:28:54","modified_gmt":"2023-02-16T13:28:54","slug":"contact","status":"publish","type":"page","link":"https:\/\/maison-d-amis.beynacrentals.com\/en\/contact\/","title":{"rendered":"Contact"},"content":{"rendered":"<div id='av_section_1'  class='avia-section av-u8vi3w-9e35c9ed18ae2bf28c9ce80c4b354fbf main_color avia-section-no-padding avia-no-border-styling  avia-builder-el-0  el_before_av_section  avia-builder-el-first  avia-bg-style-scroll container_wrap sidebar_right'  ><div class='container av-section-cont-open' ><main  role=\"main\" itemprop=\"mainContentOfPage\"  class='template-page content  av-content-small alpha units'><div class='post-entry post-entry-type-page post-entry-3523'><div class='entry-content-wrapper clearfix'>\n\n<style type=\"text\/css\" data-created_by=\"avia_inline_auto\" id=\"style-css-av-ktwnj2eb-b62f2842fb7b4739e245bd1f695ab66b\">\n#top .hr.hr-invisible.av-ktwnj2eb-b62f2842fb7b4739e245bd1f695ab66b{\nheight:10px;\n}\n<\/style>\n<div  class='hr av-ktwnj2eb-b62f2842fb7b4739e245bd1f695ab66b hr-invisible  avia-builder-el-1  el_before_av_heading  avia-builder-el-first '><span class='hr-inner '><span class=\"hr-inner-style\"><\/span><\/span><\/div>\n\n<style type=\"text\/css\" data-created_by=\"avia_inline_auto\" id=\"style-css-av-ktwmv5ms-3da8da22a1e84561adbf651f0179a757\">\n#top .av-special-heading.av-ktwmv5ms-3da8da22a1e84561adbf651f0179a757{\npadding-bottom:10px;\ncolor:#673625;\n}\nbody .av-special-heading.av-ktwmv5ms-3da8da22a1e84561adbf651f0179a757 .av-special-heading-tag .heading-char{\nfont-size:25px;\n}\n.av-special-heading.av-ktwmv5ms-3da8da22a1e84561adbf651f0179a757 .special-heading-inner-border{\nborder-color:#673625;\n}\n.av-special-heading.av-ktwmv5ms-3da8da22a1e84561adbf651f0179a757 .av-subheading{\nfont-size:15px;\n}\n<\/style>\n<div  class='av-special-heading av-ktwmv5ms-3da8da22a1e84561adbf651f0179a757 av-special-heading-h1 custom-color-heading blockquote modern-quote modern-centered  avia-builder-el-2  el_after_av_hr  el_before_av_hr  av-thin-font'><h1 class='av-special-heading-tag '  itemprop=\"headline\"  ><strong>Contact<\/strong><\/h1><div class=\"special-heading-border\"><div class=\"special-heading-inner-border\"><\/div><\/div><\/div>\n\n<style type=\"text\/css\" data-created_by=\"avia_inline_auto\" id=\"style-css-av-ktwmvqc7-645cc86b509b8ec0bd364c1049df862b\">\n#top .hr.av-ktwmvqc7-645cc86b509b8ec0bd364c1049df862b{\nmargin-top:15px;\nmargin-bottom:30px;\n}\n.hr.av-ktwmvqc7-645cc86b509b8ec0bd364c1049df862b .hr-inner{\nwidth:50px;\nborder-color:#383838;\nmax-width:45%;\n}\n.hr.av-ktwmvqc7-645cc86b509b8ec0bd364c1049df862b .av-seperator-icon{\ncolor:#804936;\n}\n.hr.av-ktwmvqc7-645cc86b509b8ec0bd364c1049df862b .av-seperator-icon.avia-svg-icon svg:first-child{\nfill:#804936;\nstroke:#804936;\n}\n<\/style>\n<div  class='hr av-ktwmvqc7-645cc86b509b8ec0bd364c1049df862b hr-custom  avia-builder-el-3  el_after_av_heading  el_before_av_one_full  hr-center hr-icon-yes'><span class='hr-inner inner-border-av-border-thin'><span class=\"hr-inner-style\"><\/span><\/span><span class='av-seperator-icon avia-iconfont avia-font-entypo-fontello' data-av_icon='\ue808' data-av_iconfont='entypo-fontello' ><\/span><span class='hr-inner inner-border-av-border-thin'><span class=\"hr-inner-style\"><\/span><\/span><\/div>\n<div  class='flex_column av-2wpz58-fa737717bb3c0a8d73cc937f2d6010a5 av_one_full  avia-builder-el-4  el_after_av_hr  el_before_av_hr  first flex_column_div  '     ><section  class='av_textblock_section av-kw91ibzo-9383236096dc424b66ed34c81d02b069 '   itemscope=\"itemscope\" itemtype=\"https:\/\/schema.org\/CreativeWork\" ><div class='avia_textblock'  itemprop=\"text\" ><h3 style=\"text-align: center\">Maison d&#8217;amis<\/h3>\n<p style=\"text-align: center\">Country house in P\u00e9rigord for 4 people with huge shared swimming pool.<\/p>\n<\/div><\/section><\/div>\n<style type=\"text\/css\" data-created_by=\"avia_inline_auto\" id=\"style-css-av-l1p1euyc-f871eaddb26e1f3e7ebf2c015264183d\">\n#top .hr.hr-invisible.av-l1p1euyc-f871eaddb26e1f3e7ebf2c015264183d{\nheight:20px;\n}\n<\/style>\n<div  class='hr av-l1p1euyc-f871eaddb26e1f3e7ebf2c015264183d hr-invisible  avia-builder-el-6  el_after_av_one_full  el_before_av_button '><span class='hr-inner '><span class=\"hr-inner-style\"><\/span><\/span><\/div>\n<div  class='avia-button-wrap av-l1p1fnv7-ef414046f68089926acf2bc5144f7e3c-wrap avia-button-center  avia-builder-el-7  el_after_av_hr  avia-builder-el-last '><a href='https:\/\/via.eviivo.com\/Maisondamis24220'  class='avia-button av-l1p1fnv7-ef414046f68089926acf2bc5144f7e3c av-link-btn avia-icon_select-yes-left-icon avia-size-small avia-position-center avia-color-theme-color'   aria-label=\"RESERVE\"><span class='avia_button_icon avia_button_icon_left avia-iconfont avia-font-entypo-fontello' data-av_icon='\ue832' data-av_iconfont='entypo-fontello' ><\/span><span class='avia_iconbox_title' >RESERVE<\/span><\/a><\/div>\n\n<\/div><\/div><\/main><!-- close content main element --><\/div><\/div><div id='av_section_2'  class='avia-section av-2o3el8-c32a8e6c52e42729ab32d2f3ddcc77c5 main_color avia-section-large avia-no-border-styling  avia-builder-el-8  el_after_av_section  avia-builder-el-last  avia-bg-style-scroll container_wrap sidebar_right'  ><div class='container av-section-cont-open' ><div class='template-page content  av-content-small alpha units'><div class='post-entry post-entry-type-page post-entry-3523'><div class='entry-content-wrapper clearfix'>\n\n<style type=\"text\/css\" data-created_by=\"avia_inline_auto\" id=\"style-css-av-l9qwyk-7f9a01b9bebc40140397a33461d8a280\">\n.flex_column.av-l9qwyk-7f9a01b9bebc40140397a33461d8a280{\nborder-radius:0px 0px 0px 0px;\npadding:0px 0px 0px 0px;\n}\n<\/style>\n<div  class='flex_column av-l9qwyk-7f9a01b9bebc40140397a33461d8a280 av_one_half  avia-builder-el-9  el_before_av_one_half  avia-builder-el-first  first flex_column_div av-zero-column-padding  '     ><style type=\"text\/css\" data-created_by=\"avia_inline_auto\" id=\"style-css-av-ktwmx0u4-5e8b90aa0ddcd185929b0bb255a69e4e\">\n.avia-image-container.av-ktwmx0u4-5e8b90aa0ddcd185929b0bb255a69e4e img.avia_image{\nbox-shadow:none;\n}\n.avia-image-container.av-ktwmx0u4-5e8b90aa0ddcd185929b0bb255a69e4e .av-image-caption-overlay-center{\ncolor:#ffffff;\n}\n<\/style>\n<div  class='avia-image-container av-ktwmx0u4-5e8b90aa0ddcd185929b0bb255a69e4e av-styling- av-img-linked avia-align-center  avia-builder-el-10  avia-builder-el-no-sibling '   itemprop=\"image\" itemscope=\"itemscope\" itemtype=\"https:\/\/schema.org\/ImageObject\" ><div class=\"avia-image-container-inner\"><div class=\"avia-image-overlay-wrap\"><a href=\"https:\/\/www.google.com\/maps\/place\/1+Imp.+du+Priv\u00e9,+86460+Pressac\/@46.116399,0.009916,9z\/data=!4m5!3m4!1s0x47fe7c3ea46cc53d:0xece9a28d3cf3af86!8m2!3d46.116399!4d0.5702187\" class='avia_image '  aria-label='Carte-Rossillonie-600x470'><img decoding=\"async\" fetchpriority=\"high\" class='wp-image-3275 avia-img-lazy-loading-not-3275 avia_image ' src=\"https:\/\/dpms-media.fr\/maison-d-amis\/wp-content\/uploads\/sites\/55\/2022\/04\/Carte-Rossillonie-600x470-1.jpg\" alt='' title='Carte-Rossillonie-600x470'  height=\"470\" width=\"600\"  itemprop=\"thumbnailUrl\" srcset=\"https:\/\/dpms-media.fr\/maison-d-amis\/wp-content\/uploads\/sites\/55\/2022\/04\/Carte-Rossillonie-600x470-1.jpg 600w, https:\/\/dpms-media.fr\/maison-d-amis\/wp-content\/uploads\/sites\/55\/2022\/04\/Carte-Rossillonie-600x470-1-300x235.jpg 300w\" sizes=\"(max-width: 600px) 100vw, 600px\" \/><\/a><\/div><\/div><\/div><\/div>\n<style type=\"text\/css\" data-created_by=\"avia_inline_auto\" id=\"style-css-av-8ujt24-a7a09225e8d8db9caf2ce600ad668f07\">\n.flex_column.av-8ujt24-a7a09225e8d8db9caf2ce600ad668f07{\nborder-radius:0px 0px 0px 0px;\npadding:0px 0px 0px 0px;\n}\n<\/style>\n<div  class='flex_column av-8ujt24-a7a09225e8d8db9caf2ce600ad668f07 av_one_half  avia-builder-el-11  el_after_av_one_half  avia-builder-el-last  flex_column_div av-zero-column-padding  '     ><style type=\"text\/css\" data-created_by=\"avia_inline_auto\" id=\"style-css-av-29dcss-de1603fcd0058ce7f3abbf4de4eee86e\">\n#top .av_textblock_section.av-29dcss-de1603fcd0058ce7f3abbf4de4eee86e .avia_textblock{\nfont-size:18px;\ncolor:#3f3f3f;\n}\n<\/style>\n<section  class='av_textblock_section av-29dcss-de1603fcd0058ce7f3abbf4de4eee86e '   itemscope=\"itemscope\" itemtype=\"https:\/\/schema.org\/CreativeWork\" ><div class='avia_textblock av_inherit_color'  itemprop=\"text\" ><h4><span style=\"color: #673625\">Maison d&#8217; Amis<\/span><\/h4>\n<p>24220 Beynac et Cazenac<br \/>\nT\u00e9l. : +33 (0)7 45 89 94 81<br \/>\n<a href=\"mailto:reservations@beynacrentals.com\">reservations@beynacrentals.com<\/a><\/p>\n<p>Available on WhatsApp :<br \/>\n<a href=\"https:\/\/wa.me\/message\/MIQKEZKNBTQ3F1\"><img loading=\"lazy\" decoding=\"async\" class=\"alignnone wp-image-3154\" src=\"https:\/\/maison-d-amis.beynacrentals.com\/wp-content\/uploads\/sites\/51\/2022\/12\/Screen-Shot-2022-12-01-at-2.52.58-PM.png\" alt=\"\" width=\"176\" height=\"175\" srcset=\"https:\/\/dpms-media.fr\/maison-d-amis\/wp-content\/uploads\/sites\/55\/2022\/12\/Screen-Shot-2022-12-01-at-2.52.58-PM.png 292w, https:\/\/dpms-media.fr\/maison-d-amis\/wp-content\/uploads\/sites\/55\/2022\/12\/Screen-Shot-2022-12-01-at-2.52.58-PM-80x80.png 80w, https:\/\/dpms-media.fr\/maison-d-amis\/wp-content\/uploads\/sites\/55\/2022\/12\/Screen-Shot-2022-12-01-at-2.52.58-PM-36x36.png 36w, https:\/\/dpms-media.fr\/maison-d-amis\/wp-content\/uploads\/sites\/55\/2022\/12\/Screen-Shot-2022-12-01-at-2.52.58-PM-180x180.png 180w\" sizes=\"auto, (max-width: 176px) 100vw, 176px\" \/><\/a><\/p>\n<\/div><\/section><br \/>\n\n<style type=\"text\/css\" data-created_by=\"avia_inline_auto\" id=\"style-css-av-ktwnfio8-c48769f072c5e147a6a73aecb0b6d380\">\n#top .hr.hr-invisible.av-ktwnfio8-c48769f072c5e147a6a73aecb0b6d380{\nheight:20px;\n}\n<\/style>\n<div  class='hr av-ktwnfio8-c48769f072c5e147a6a73aecb0b6d380 hr-invisible  avia-builder-el-13  el_after_av_textblock  el_before_av_image '><span class='hr-inner '><span class=\"hr-inner-style\"><\/span><\/span><\/div><br \/>\n\n<style type=\"text\/css\" data-created_by=\"avia_inline_auto\" id=\"style-css-av-2i3s8s-ec901480a6f1cc9e6d14cfb4049b770d\">\n.avia-image-container.av-2i3s8s-ec901480a6f1cc9e6d14cfb4049b770d img.avia_image{\nbox-shadow:none;\n}\n.avia-image-container.av-2i3s8s-ec901480a6f1cc9e6d14cfb4049b770d .av-image-caption-overlay-center{\ncolor:#ffffff;\n}\n<\/style>\n<div  class='avia-image-container av-2i3s8s-ec901480a6f1cc9e6d14cfb4049b770d av-styling- avia-align-center  avia-builder-el-14  el_after_av_hr  avia-builder-el-last '   itemprop=\"image\" itemscope=\"itemscope\" itemtype=\"https:\/\/schema.org\/ImageObject\" ><div class=\"avia-image-container-inner\"><div class=\"avia-image-overlay-wrap\"><img decoding=\"async\" fetchpriority=\"high\" class='wp-image-3476 avia-img-lazy-loading-not-3476 avia_image ' src=\"https:\/\/dpms-media.fr\/maison-d-amis\/wp-content\/uploads\/sites\/55\/2022\/12\/Chambre-1-800x375-1.jpg\" alt='' title='Chambre-1-800x375'  height=\"375\" width=\"800\"  itemprop=\"thumbnailUrl\" srcset=\"https:\/\/dpms-media.fr\/maison-d-amis\/wp-content\/uploads\/sites\/55\/2022\/12\/Chambre-1-800x375-1.jpg 800w, https:\/\/dpms-media.fr\/maison-d-amis\/wp-content\/uploads\/sites\/55\/2022\/12\/Chambre-1-800x375-1-300x141.jpg 300w, https:\/\/dpms-media.fr\/maison-d-amis\/wp-content\/uploads\/sites\/55\/2022\/12\/Chambre-1-800x375-1-768x360.jpg 768w, https:\/\/dpms-media.fr\/maison-d-amis\/wp-content\/uploads\/sites\/55\/2022\/12\/Chambre-1-800x375-1-705x330.jpg 705w\" sizes=\"(max-width: 800px) 100vw, 800px\" \/><\/div><\/div><\/div><\/p><\/div><\/div><\/div><\/div><!-- close content main div --><\/div><\/div><div id='after_section_2'  class='main_color av_default_container_wrap container_wrap sidebar_right'  ><div class='container av-section-cont-open' ><div class='template-page content  av-content-small alpha units'><div class='post-entry post-entry-type-page post-entry-3523'><div class='entry-content-wrapper clearfix'>\n","protected":false},"excerpt":{"rendered":"","protected":false},"author":24,"featured_media":0,"parent":0,"menu_order":0,"comment_status":"closed","ping_status":"closed","template":"","meta":{"footnotes":""},"class_list":["post-3523","page","type-page","status-publish","hentry"],"yoast_head":"<!-- This site is optimized with the Yoast SEO plugin v27.5 - https:\/\/yoast.com\/product\/yoast-seo-wordpress\/ -->\n<title>Contact - G\u00eete Maison d&#039;amis - Le P\u00e9rigord noir<\/title>\n<meta name=\"robots\" content=\"index, follow, max-snippet:-1, max-image-preview:large, max-video-preview:-1\" \/>\n<link rel=\"canonical\" href=\"https:\/\/dpms-media.fr\/maison-d-amis\/en\/contact\/\" \/>\n<meta property=\"og:locale\" content=\"en_US\" \/>\n<meta property=\"og:type\" content=\"article\" \/>\n<meta property=\"og:title\" content=\"Contact - G\u00eete Maison d&#039;amis - Le P\u00e9rigord noir\" \/>\n<meta property=\"og:url\" content=\"https:\/\/dpms-media.fr\/maison-d-amis\/en\/contact\/\" \/>\n<meta property=\"og:site_name\" content=\"G\u00eete Maison d&#039;amis - Le P\u00e9rigord noir\" \/>\n<meta property=\"article:modified_time\" content=\"2023-02-16T13:28:54+00:00\" \/>\n<meta property=\"og:image\" content=\"https:\/\/dpms-media.fr\/maison-d-amis\/wp-content\/uploads\/sites\/51\/2022\/12\/Screen-Shot-2022-12-01-at-2.52.58-PM.png\" \/>\n<meta name=\"twitter:card\" content=\"summary_large_image\" \/>\n<meta name=\"twitter:label1\" content=\"Est. reading time\" \/>\n\t<meta name=\"twitter:data1\" content=\"10 minutes\" \/>\n<script type=\"application\/ld+json\" class=\"yoast-schema-graph\">{\"@context\":\"https:\\\/\\\/schema.org\",\"@graph\":[{\"@type\":\"WebPage\",\"@id\":\"https:\\\/\\\/dpms-media.fr\\\/maison-d-amis\\\/en\\\/contact\\\/\",\"url\":\"https:\\\/\\\/dpms-media.fr\\\/maison-d-amis\\\/en\\\/contact\\\/\",\"name\":\"Contact - G\u00eete Maison d&#039;amis - Le P\u00e9rigord noir\",\"isPartOf\":{\"@id\":\"https:\\\/\\\/maison-d-amis.beynacrentals.com\\\/en\\\/#website\"},\"primaryImageOfPage\":{\"@id\":\"https:\\\/\\\/dpms-media.fr\\\/maison-d-amis\\\/en\\\/contact\\\/#primaryimage\"},\"image\":{\"@id\":\"https:\\\/\\\/dpms-media.fr\\\/maison-d-amis\\\/en\\\/contact\\\/#primaryimage\"},\"thumbnailUrl\":\"https:\\\/\\\/dpms-media.fr\\\/maison-d-amis\\\/wp-content\\\/uploads\\\/sites\\\/51\\\/2022\\\/12\\\/Screen-Shot-2022-12-01-at-2.52.58-PM.png\",\"datePublished\":\"2023-02-16T13:18:34+00:00\",\"dateModified\":\"2023-02-16T13:28:54+00:00\",\"breadcrumb\":{\"@id\":\"https:\\\/\\\/dpms-media.fr\\\/maison-d-amis\\\/en\\\/contact\\\/#breadcrumb\"},\"inLanguage\":\"en-US\",\"potentialAction\":[{\"@type\":\"ReadAction\",\"target\":[\"https:\\\/\\\/dpms-media.fr\\\/maison-d-amis\\\/en\\\/contact\\\/\"]}]},{\"@type\":\"ImageObject\",\"inLanguage\":\"en-US\",\"@id\":\"https:\\\/\\\/dpms-media.fr\\\/maison-d-amis\\\/en\\\/contact\\\/#primaryimage\",\"url\":\"https:\\\/\\\/dpms-media.fr\\\/maison-d-amis\\\/wp-content\\\/uploads\\\/sites\\\/51\\\/2022\\\/12\\\/Screen-Shot-2022-12-01-at-2.52.58-PM.png\",\"contentUrl\":\"https:\\\/\\\/dpms-media.fr\\\/maison-d-amis\\\/wp-content\\\/uploads\\\/sites\\\/51\\\/2022\\\/12\\\/Screen-Shot-2022-12-01-at-2.52.58-PM.png\"},{\"@type\":\"BreadcrumbList\",\"@id\":\"https:\\\/\\\/dpms-media.fr\\\/maison-d-amis\\\/en\\\/contact\\\/#breadcrumb\",\"itemListElement\":[{\"@type\":\"ListItem\",\"position\":1,\"name\":\"Accueil\",\"item\":\"https:\\\/\\\/dpms-media.fr\\\/maison-d-amis\\\/en\\\/work\\\/\"},{\"@type\":\"ListItem\",\"position\":2,\"name\":\"Contact\"}]},{\"@type\":\"WebSite\",\"@id\":\"https:\\\/\\\/maison-d-amis.beynacrentals.com\\\/en\\\/#website\",\"url\":\"https:\\\/\\\/maison-d-amis.beynacrentals.com\\\/en\\\/\",\"name\":\"G\u00eete Maison d&#039;amis - Le P\u00e9rigord noir\",\"description\":\"Maison d&#039;amis, g\u00eete de charme en Aquitaine - Beynac Rentals\",\"potentialAction\":[{\"@type\":\"SearchAction\",\"target\":{\"@type\":\"EntryPoint\",\"urlTemplate\":\"https:\\\/\\\/maison-d-amis.beynacrentals.com\\\/en\\\/?s={search_term_string}\"},\"query-input\":{\"@type\":\"PropertyValueSpecification\",\"valueRequired\":true,\"valueName\":\"search_term_string\"}}],\"inLanguage\":\"en-US\"}]}<\/script>\n<!-- \/ Yoast SEO plugin. -->","yoast_head_json":{"title":"Contact - G\u00eete Maison d&#039;amis - Le P\u00e9rigord noir","robots":{"index":"index","follow":"follow","max-snippet":"max-snippet:-1","max-image-preview":"max-image-preview:large","max-video-preview":"max-video-preview:-1"},"canonical":"https:\/\/dpms-media.fr\/maison-d-amis\/en\/contact\/","og_locale":"en_US","og_type":"article","og_title":"Contact - G\u00eete Maison d&#039;amis - Le P\u00e9rigord noir","og_url":"https:\/\/dpms-media.fr\/maison-d-amis\/en\/contact\/","og_site_name":"G\u00eete Maison d&#039;amis - Le P\u00e9rigord noir","article_modified_time":"2023-02-16T13:28:54+00:00","og_image":[{"url":"https:\/\/dpms-media.fr\/maison-d-amis\/wp-content\/uploads\/sites\/51\/2022\/12\/Screen-Shot-2022-12-01-at-2.52.58-PM.png","type":"","width":"","height":""}],"twitter_card":"summary_large_image","twitter_misc":{"Est. reading time":"10 minutes"},"schema":{"@context":"https:\/\/schema.org","@graph":[{"@type":"WebPage","@id":"https:\/\/dpms-media.fr\/maison-d-amis\/en\/contact\/","url":"https:\/\/dpms-media.fr\/maison-d-amis\/en\/contact\/","name":"Contact - G\u00eete Maison d&#039;amis - Le P\u00e9rigord noir","isPartOf":{"@id":"https:\/\/maison-d-amis.beynacrentals.com\/en\/#website"},"primaryImageOfPage":{"@id":"https:\/\/dpms-media.fr\/maison-d-amis\/en\/contact\/#primaryimage"},"image":{"@id":"https:\/\/dpms-media.fr\/maison-d-amis\/en\/contact\/#primaryimage"},"thumbnailUrl":"https:\/\/dpms-media.fr\/maison-d-amis\/wp-content\/uploads\/sites\/51\/2022\/12\/Screen-Shot-2022-12-01-at-2.52.58-PM.png","datePublished":"2023-02-16T13:18:34+00:00","dateModified":"2023-02-16T13:28:54+00:00","breadcrumb":{"@id":"https:\/\/dpms-media.fr\/maison-d-amis\/en\/contact\/#breadcrumb"},"inLanguage":"en-US","potentialAction":[{"@type":"ReadAction","target":["https:\/\/dpms-media.fr\/maison-d-amis\/en\/contact\/"]}]},{"@type":"ImageObject","inLanguage":"en-US","@id":"https:\/\/dpms-media.fr\/maison-d-amis\/en\/contact\/#primaryimage","url":"https:\/\/dpms-media.fr\/maison-d-amis\/wp-content\/uploads\/sites\/51\/2022\/12\/Screen-Shot-2022-12-01-at-2.52.58-PM.png","contentUrl":"https:\/\/dpms-media.fr\/maison-d-amis\/wp-content\/uploads\/sites\/51\/2022\/12\/Screen-Shot-2022-12-01-at-2.52.58-PM.png"},{"@type":"BreadcrumbList","@id":"https:\/\/dpms-media.fr\/maison-d-amis\/en\/contact\/#breadcrumb","itemListElement":[{"@type":"ListItem","position":1,"name":"Accueil","item":"https:\/\/dpms-media.fr\/maison-d-amis\/en\/work\/"},{"@type":"ListItem","position":2,"name":"Contact"}]},{"@type":"WebSite","@id":"https:\/\/maison-d-amis.beynacrentals.com\/en\/#website","url":"https:\/\/maison-d-amis.beynacrentals.com\/en\/","name":"G\u00eete Maison d&#039;amis - Le P\u00e9rigord noir","description":"Maison d&#039;amis, g\u00eete de charme en Aquitaine - Beynac Rentals","potentialAction":[{"@type":"SearchAction","target":{"@type":"EntryPoint","urlTemplate":"https:\/\/maison-d-amis.beynacrentals.com\/en\/?s={search_term_string}"},"query-input":{"@type":"PropertyValueSpecification","valueRequired":true,"valueName":"search_term_string"}}],"inLanguage":"en-US"}]}},"_links":{"self":[{"href":"https:\/\/maison-d-amis.beynacrentals.com\/en\/wp-json\/wp\/v2\/pages\/3523","targetHints":{"allow":["GET"]}}],"collection":[{"href":"https:\/\/maison-d-amis.beynacrentals.com\/en\/wp-json\/wp\/v2\/pages"}],"about":[{"href":"https:\/\/maison-d-amis.beynacrentals.com\/en\/wp-json\/wp\/v2\/types\/page"}],"author":[{"embeddable":true,"href":"https:\/\/maison-d-amis.beynacrentals.com\/en\/wp-json\/wp\/v2\/users\/24"}],"replies":[{"embeddable":true,"href":"https:\/\/maison-d-amis.beynacrentals.com\/en\/wp-json\/wp\/v2\/comments?post=3523"}],"version-history":[{"count":5,"href":"https:\/\/maison-d-amis.beynacrentals.com\/en\/wp-json\/wp\/v2\/pages\/3523\/revisions"}],"predecessor-version":[{"id":3530,"href":"https:\/\/maison-d-amis.beynacrentals.com\/en\/wp-json\/wp\/v2\/pages\/3523\/revisions\/3530"}],"wp:attachment":[{"href":"https:\/\/maison-d-amis.beynacrentals.com\/en\/wp-json\/wp\/v2\/media?parent=3523"}],"curies":[{"name":"wp","href":"https:\/\/api.w.org\/{rel}","templated":true}]}}